{"id":831,"date":"2017-10-24T13:58:41","date_gmt":"2017-10-24T11:58:41","guid":{"rendered":"http:\/\/suedschule.eu\/?page_id=831"},"modified":"2025-10-01T10:04:21","modified_gmt":"2025-10-01T08:04:21","slug":"schulpflegschaft","status":"publish","type":"page","link":"http:\/\/www.suedschule.eu\/schulpflegschaft\/","title":{"rendered":"Schulpflegschaft"},"content":{"rendered":"<h1>Hier sind Ihre Ideen herzlich willkommen\u2026<\/h1>\n<p>Als Eltern m\u00f6chten Sie jederzeit gut informiert sein und Schule aktiv mitgestalten?\u00a0 Dann sind Sie hier genau richtig:<br \/>\nHerzlich willkommen bei der Schulpflegschaft der S\u00fcdschule Lechenich.<\/p>\n<h1>Das sind wir\u2026<\/h1>\n<p>Die Schulpflegschaft\u00a0 ist die Vertretung der Eltern der S\u00fcdschule. Hier treffen sich engagierte V\u00e4ter und M\u00fctter, die aktuelle Entwicklungen und mittel- bis langfristige Ausrichtung der Schule aktiv mitgestalten. Immer in enger Abstimmung mit allen Eltern und intensiver Zusammenarbeit mit den Lehrern. Die rechtliche Basis daf\u00fcr ist im \u00a772 Schulgesetz NRW [verlinken] verankert.<\/p>\n<p>Schulpflegschaftsvorsitzende:\u00a0 Frau Barthel (<a href=\"http:\/\/suedschule.eu\/?page_id=2117\">Kontakt<\/a>)<\/p>\n<h1>Und hier treffen Sie auf uns:<\/h1>\n<p>Ihre Ideen, Anregungen und Kritik finden bei uns offene Ohren und helfende H\u00e4nde.<br \/>\nAm einfachsten erreichen Sie uns \u00fcber schulpflegschaft@suedschule-lechenich.de .<br \/>\nWir sind gespannt auf Ihre Ideen.<\/p>\n<h1>Das machen wir \u2026<\/h1>\n<p>Wir m\u00f6chten f\u00fcr alle das schulische Leben transparenter\u00a0 und einfacher machen. Durch offenen Dialog und Informationsaustausch mit Eltern und Lehrern. Und nat\u00fcrlich auch mit guten Ideen, auch Ihren (!). Diese sind die Basis f\u00fcr neue Projekte und interessante Veranstaltungen. So wurden z.B. die bisherigen Projektwochen Zirkusprojekt unterst\u00fctzt und neue AGs wie die\u00a0Buchbanditen ins Leben gerufen.&#8220;<\/p>\n","protected":false},"excerpt":{"rendered":"<p>Hier sind Ihre Ideen herzlich willkommen\u2026 Als Eltern m\u00f6chten Sie jederzeit gut informiert sein und Schule aktiv mitgestalten?\u00a0 Dann sind<\/p>\n","protected":false},"author":1,"featured_media":0,"parent":0,"menu_order":0,"comment_status":"closed","ping_status":"closed","template":"","meta":{"_coblocks_attr":"","_coblocks_dimensions":"","_coblocks_responsive_height":"","_coblocks_accordion_ie_support":"","footnotes":""},"categories":[],"tags":[],"class_list":["post-831","page","type-page","status-publish","hentry"],"publishpress_future_action":{"enabled":false,"date":"2026-04-24 14:47:48","action":"change-status","newStatus":"draft","terms":[],"taxonomy":"category","extraData":[]},"publishpress_future_workflow_manual_trigger":{"enabledWorkflows":[]},"_links":{"self":[{"href":"http:\/\/www.suedschule.eu\/wp-json\/wp\/v2\/pages\/831","targetHints":{"allow":["GET"]}}],"collection":[{"href":"http:\/\/www.suedschule.eu\/wp-json\/wp\/v2\/pages"}],"about":[{"href":"http:\/\/www.suedschule.eu\/wp-json\/wp\/v2\/types\/page"}],"author":[{"embeddable":true,"href":"http:\/\/www.suedschule.eu\/wp-json\/wp\/v2\/users\/1"}],"replies":[{"embeddable":true,"href":"http:\/\/www.suedschule.eu\/wp-json\/wp\/v2\/comments?post=831"}],"version-history":[{"count":4,"href":"http:\/\/www.suedschule.eu\/wp-json\/wp\/v2\/pages\/831\/revisions"}],"predecessor-version":[{"id":4632,"href":"http:\/\/www.suedschule.eu\/wp-json\/wp\/v2\/pages\/831\/revisions\/4632"}],"wp:attachment":[{"href":"http:\/\/www.suedschule.eu\/wp-json\/wp\/v2\/media?parent=831"}],"wp:term":[{"taxonomy":"category","embeddable":true,"href":"http:\/\/www.suedschule.eu\/wp-json\/wp\/v2\/categories?post=831"},{"taxonomy":"post_tag","embeddable":true,"href":"http:\/\/www.suedschule.eu\/wp-json\/wp\/v2\/tags?post=831"}],"curies":[{"name":"wp","href":"https:\/\/api.w.org\/{rel}","templated":true}]}}